{"id":797,"date":"2025-03-20T09:10:04","date_gmt":"2025-03-20T09:10:04","guid":{"rendered":"https:\/\/startersites.io\/elementor\/investboost\/?page_id=797"},"modified":"2025-09-28T22:40:46","modified_gmt":"2025-09-28T22:40:46","slug":"about-international-group","status":"publish","type":"page","link":"https:\/\/ovindi.com\/fr\/about-international-group\/","title":{"rendered":"\u00c0 propos"},"content":{"rendered":"<div data-elementor-type=\"wp-page\" data-elementor-id=\"797\" class=\"elementor elementor-797\">\n\t\t\t\t<div class=\"elementor-element elementor-element-0acc2ec e-flex e-con-boxed e-con e-parent\" data-id=\"0acc2ec\" data-element_type=\"container\" data-e-type=\"container\" data-settings=\"{&quot;background_background&quot;:&quot;classic&quot;}\">\n\t\t\t\t\t<div class=\"e-con-inner\">\n\t\t<div class=\"elementor-element elementor-element-76e86f8 e-con-full e-flex e-con e-child\" data-id=\"76e86f8\" data-element_type=\"container\" data-e-type=\"container\">\n\t\t\t\t<div class=\"elementor-element elementor-element-d80ee81 elementor-widget elementor-widget-heading\" data-id=\"d80ee81\" data-element_type=\"widget\" data-e-type=\"widget\" data-widget_type=\"heading.default\">\n\t\t\t\t\t<h1 class=\"elementor-heading-title elementor-size-default\">\u00c0 propos <span style=\"font-family:ct_font_algerian, Sans-Serif\" class=\"logo-text\">OVINDI<\/span> International Group<\/h1>\t\t\t\t<\/div>\n\t\t\t\t<\/div>\n\t\t\t\t<div class=\"elementor-element elementor-element-7f32178 elementor-absolute elementor-widget elementor-widget-image\" data-id=\"7f32178\" data-element_type=\"widget\" data-e-type=\"widget\" data-settings=\"{&quot;_position&quot;:&quot;absolute&quot;}\" data-widget_type=\"image.default\">\n\t\t\t\t\t\t\t\t\t\t\t\t\t\t\t<img decoding=\"async\" width=\"105\" height=\"221\" src=\"https:\/\/ovindi.com\/wp-content\/uploads\/2025\/03\/decoration-1.svg\" class=\"attachment-full size-full wp-image-671\" alt=\"\" \/>\t\t\t\t\t\t\t\t\t\t\t\t\t\t\t<\/div>\n\t\t\t\t<div class=\"elementor-element elementor-element-781bf94 elementor-absolute elementor-widget elementor-widget-image\" data-id=\"781bf94\" data-element_type=\"widget\" data-e-type=\"widget\" data-settings=\"{&quot;_position&quot;:&quot;absolute&quot;}\" data-widget_type=\"image.default\">\n\t\t\t\t\t\t\t\t\t\t\t\t\t\t\t<img decoding=\"async\" width=\"105\" height=\"221\" src=\"https:\/\/ovindi.com\/wp-content\/uploads\/2025\/03\/decoration-2.svg\" class=\"attachment-full size-full wp-image-682\" alt=\"\" \/>\t\t\t\t\t\t\t\t\t\t\t\t\t\t\t<\/div>\n\t\t\t\t\t<\/div>\n\t\t\t\t<\/div>\n\t\t<div class=\"elementor-element elementor-element-33f9f86 e-flex e-con-boxed e-con e-parent\" data-id=\"33f9f86\" data-element_type=\"container\" data-e-type=\"container\">\n\t\t\t\t\t<div class=\"e-con-inner\">\n\t\t\t\t<div class=\"elementor-element elementor-element-1ffff87 elementor-widget elementor-widget-heading\" data-id=\"1ffff87\" data-element_type=\"widget\" data-e-type=\"widget\" data-widget_type=\"heading.default\">\n\t\t\t\t\t<h2 class=\"elementor-heading-title elementor-size-default\">Notre mod\u00e8le<\/h2>\t\t\t\t<\/div>\n\t\t\t\t<div class=\"elementor-element elementor-element-c5c3b2d elementor-widget elementor-widget-text-editor\" data-id=\"c5c3b2d\" data-element_type=\"widget\" data-e-type=\"widget\" data-widget_type=\"text-editor.default\">\n\t\t\t\t\t\t\t\t\t<p class=\"translation-block\"><img class=\"size-medium wp-image-1147 alignleft\" src=\"https:\/\/ovindi.com\/wp-content\/uploads\/2025\/09\/Design-sans-titre-2025-09-03T104352.721-199x300.png\" alt=\"\" width=\"199\" height=\"300\">OVINDI (<strong><b>O<\/b><\/strong>ne <strong><b>V<\/b><\/strong>ision by <strong><b>I<\/b><\/strong>ssa <strong><b>N<\/b><\/strong>diaye with <strong><b>D<\/b><\/strong>edication and <strong><b>I<\/b><\/strong>ntegrity)  International Group est une entreprise sociale mondiale qui se consacre \u00e0 offrir des services aux particuliers, aux gouvernements souverains, aux entreprises, etc. Ces services comprennent le conseil, le coaching, la d\u00e9fense des droits et bien d'autres encore, dans le but de promouvoir une soci\u00e9t\u00e9 juste pour tous. Notre mod\u00e8le s'inspire de nos exp\u00e9riences culturelles, religieuses, \u00e9ducatives et professionnelles.<\/p><p>D'une part, OVINDI est un nom commercial choisi strat\u00e9giquement pour comm\u00e9morer la vision infinie d'Issa Ndiaye. D'autre part, OVINDI est un nom qui \u00e9voque un esprit pionnier. Il d\u00e9peint un leader n\u00e9, tr\u00e8s concentr\u00e9 et ax\u00e9 sur la r\u00e9ussite. Il est naturel pour lui d'endurer des \u00e9preuves pour essayer de nouvelles choses. Il trouve frustrant de se livrer \u00e0 trop d'activit\u00e9s sans importance. Il est capable d'agir et de prendre des d\u00e9cisions par lui-m\u00eame. Il est \u00e9galement \u00e9nergique et confiant.<\/p><p class=\"translation-block\">Notre puissant bras militant, <a style=\"color: black;font-weight: 600\" href=\"\/fr\/advocacy\/\" target=\"_self\">Just Society 4 All<\/a>, est un mouvement international de premier plan qui milite pour la justice sociale et vise \u00e0 d\u00e9velopper et \u00e0 mettre en \u0153uvre des strat\u00e9gies innovantes et transformatrices pour vaincre la Dark Society. Notre objectif global est d'\u00e9tablir une Bright Society dans laquelle les individus s'\u00e9panouissent dans la paix et la dignit\u00e9. \u00c0 cette fin, nous employons des approches avant-gardistes m\u00fbrement r\u00e9fl\u00e9chies pour mener une bataille difficile afin de l'emporter.<\/p><p>Nos domaines d'intervention comprennent la d\u00e9fense des politiques mondiales, la sensibilisation, la remise en question de l'ordre mondial, la promotion de l'\u00e9quit\u00e9 et de la justice sociale, et la suppression des barri\u00e8res.<\/p><p>Aujourd'hui, nous vivons dans une soci\u00e9t\u00e9 obscure o\u00f9 le colonialisme, l'oppression, le racisme, l'\u00e9go\u00efsme et la haine sont profond\u00e9ment enracin\u00e9s, et o\u00f9 ils se transforment constamment sous des formes plus d\u00e9vastatrices afin d'\u00e9chapper \u00e0 la d\u00e9tection.<\/p><p>Qu'est-ce qui diff\u00e9rencie ces positions id\u00e9ologiques ?<\/p><p class=\"translation-block\"><strong><b>Dark Society<\/b><\/strong> \u2013 Il s'agit d'un groupe d'individus et d'organisations \u00e9go\u00efstes, oppressifs et sans c\u0153ur qui dirigent le monde \u00e0 l'aide de strat\u00e9gies qui ne servent qu'\u00e0 atteindre leurs objectifs, au d\u00e9triment des personnes honn\u00eates qui tentent de joindre les deux bouts.<\/p><p><strong><b>Bright Society<\/b><\/strong>\u00a0\u2013 Est un r\u00e9seau de premier plan compos\u00e9 d'individus accomplis, motiv\u00e9s par la cr\u00e9ation d'une soci\u00e9t\u00e9 moderne profond\u00e9ment ancr\u00e9e dans les principes d'une soci\u00e9t\u00e9 juste pour tous. Nous ne pouvons r\u00e9ussir sans vaincre la soci\u00e9t\u00e9 obscure.<\/p>\t\t\t\t\t\t\t\t<\/div>\n\t\t\t\t\t<\/div>\n\t\t\t\t<\/div>\n\t\t<div class=\"elementor-element elementor-element-6e1841e elementor-hidden-desktop elementor-hidden-tablet elementor-hidden-mobile e-flex e-con-boxed e-con e-parent\" data-id=\"6e1841e\" data-element_type=\"container\" data-e-type=\"container\">\n\t\t\t\t\t<div class=\"e-con-inner\">\n\t\t<div class=\"elementor-element elementor-element-1a65fd8 e-grid e-con-full e-con e-child\" data-id=\"1a65fd8\" data-element_type=\"container\" data-e-type=\"container\">\n\t\t<div class=\"elementor-element elementor-element-4196fc4 e-con-full e-flex e-con e-child\" data-id=\"4196fc4\" data-element_type=\"container\" data-e-type=\"container\" data-settings=\"{&quot;background_background&quot;:&quot;classic&quot;}\">\n\t\t<div class=\"elementor-element elementor-element-4477903 e-con-full e-flex e-con e-child\" data-id=\"4477903\" data-element_type=\"container\" data-e-type=\"container\">\n\t\t<div class=\"elementor-element elementor-element-393e7c7 e-con-full e-flex e-con e-child\" data-id=\"393e7c7\" data-element_type=\"container\" data-e-type=\"container\" data-settings=\"{&quot;background_background&quot;:&quot;classic&quot;}\">\n\t\t\t\t<div class=\"elementor-element elementor-element-3223c89 elementor-widget elementor-widget-text-editor\" data-id=\"3223c89\" data-element_type=\"widget\" data-e-type=\"widget\" data-widget_type=\"text-editor.default\">\n\t\t\t\t\t\t\t\t\t<p>Executives<\/p>\t\t\t\t\t\t\t\t<\/div>\n\t\t\t\t<\/div>\n\t\t\t\t<div class=\"elementor-element elementor-element-dd6259a elementor-view-stacked elementor-shape-circle elementor-widget elementor-widget-icon\" data-id=\"dd6259a\" data-element_type=\"widget\" data-e-type=\"widget\" data-widget_type=\"icon.default\">\n\t\t\t\t\t\t\t<div class=\"elementor-icon-wrapper\">\n\t\t\t<a class=\"elementor-icon\" href=\"\/fr\/elementor\/investboost\/services\/\">\n\t\t\t\t\t\t<\/a>\n\t\t<\/div>\n\t\t\t\t\t\t<\/div>\n\t\t\t\t<\/div>\n\t\t\t\t<div class=\"elementor-element elementor-element-caca364 elementor-widget elementor-widget-heading\" data-id=\"caca364\" data-element_type=\"widget\" data-e-type=\"widget\" data-widget_type=\"heading.default\">\n\t\t\t\t\t<h4 class=\"elementor-heading-title elementor-size-default\">Executive Consulting Strategies<\/h4>\t\t\t\t<\/div>\n\t\t\t\t<\/div>\n\t\t<div class=\"elementor-element elementor-element-4d1bdab e-con-full e-flex e-con e-child\" data-id=\"4d1bdab\" data-element_type=\"container\" data-e-type=\"container\" data-settings=\"{&quot;background_background&quot;:&quot;classic&quot;}\">\n\t\t<div class=\"elementor-element elementor-element-3f0e3b7 e-con-full e-flex e-con e-child\" data-id=\"3f0e3b7\" data-element_type=\"container\" data-e-type=\"container\">\n\t\t<div class=\"elementor-element elementor-element-fb2a051 e-con-full e-flex e-con e-child\" data-id=\"fb2a051\" data-element_type=\"container\" data-e-type=\"container\" data-settings=\"{&quot;background_background&quot;:&quot;classic&quot;}\">\n\t\t\t\t<div class=\"elementor-element elementor-element-85fc468 elementor-widget elementor-widget-text-editor\" data-id=\"85fc468\" data-element_type=\"widget\" data-e-type=\"widget\" data-widget_type=\"text-editor.default\">\n\t\t\t\t\t\t\t\t\t<p>Managers<\/p>\t\t\t\t\t\t\t\t<\/div>\n\t\t\t\t<\/div>\n\t\t\t\t<div class=\"elementor-element elementor-element-857a45f elementor-view-stacked elementor-shape-circle elementor-widget elementor-widget-icon\" data-id=\"857a45f\" data-element_type=\"widget\" data-e-type=\"widget\" data-widget_type=\"icon.default\">\n\t\t\t\t\t\t\t<div class=\"elementor-icon-wrapper\">\n\t\t\t<a class=\"elementor-icon\" href=\"\/fr\/elementor\/investboost\/services\/\">\n\t\t\t\t\t\t<\/a>\n\t\t<\/div>\n\t\t\t\t\t\t<\/div>\n\t\t\t\t<\/div>\n\t\t\t\t<div class=\"elementor-element elementor-element-f262ede elementor-widget elementor-widget-heading\" data-id=\"f262ede\" data-element_type=\"widget\" data-e-type=\"widget\" data-widget_type=\"heading.default\">\n\t\t\t\t\t<h4 class=\"elementor-heading-title elementor-size-default\">Managerial Development Programs<\/h4>\t\t\t\t<\/div>\n\t\t\t\t<\/div>\n\t\t<div class=\"elementor-element elementor-element-1f34bc4 e-con-full e-flex e-con e-child\" data-id=\"1f34bc4\" data-element_type=\"container\" data-e-type=\"container\" data-settings=\"{&quot;background_background&quot;:&quot;classic&quot;}\">\n\t\t\t\t<div class=\"elementor-element elementor-element-8ed90e1 elementor-view-stacked elementor-shape-circle elementor-widget elementor-widget-icon\" data-id=\"8ed90e1\" data-element_type=\"widget\" data-e-type=\"widget\" data-widget_type=\"icon.default\">\n\t\t\t\t\t\t\t<div class=\"elementor-icon-wrapper\">\n\t\t\t<a class=\"elementor-icon\" href=\"\/fr\/elementor\/investboost\/services\/\">\n\t\t\t\t\t\t<\/a>\n\t\t<\/div>\n\t\t\t\t\t\t<\/div>\n\t\t<div class=\"elementor-element elementor-element-7b9ac1d e-con-full e-flex e-con e-child\" data-id=\"7b9ac1d\" data-element_type=\"container\" data-e-type=\"container\">\n\t\t\t\t<div class=\"elementor-element elementor-element-066dbfe elementor-widget elementor-widget-heading\" data-id=\"066dbfe\" data-element_type=\"widget\" data-e-type=\"widget\" data-widget_type=\"heading.default\">\n\t\t\t\t\t<h4 class=\"elementor-heading-title elementor-size-default\">Personalized Consulting Strategies to Strengthen Leadership for Executives and Managers<\/h4>\t\t\t\t<\/div>\n\t\t\t\t<div class=\"elementor-element elementor-element-12c4b4d elementor-widget elementor-widget-text-editor\" data-id=\"12c4b4d\" data-element_type=\"widget\" data-e-type=\"widget\" data-widget_type=\"text-editor.default\">\n\t\t\t\t\t\t\t\t\t<p>We create tailored consulting strategies for executives and managers. Executives balance multiple responsibilities and need unique solutions, while managers bridge strategy and execution with both technical and interpersonal skills. Our model equips them with innovative tools in leadership, team building, and problem-solving to drive organizational success.<\/p>\t\t\t\t\t\t\t\t<\/div>\n\t\t\t\t<div class=\"elementor-element elementor-element-ab3f337 ct-e-button elementor-mobile-align-center elementor-widget elementor-widget-button\" data-id=\"ab3f337\" data-element_type=\"widget\" data-e-type=\"widget\" data-widget_type=\"button.default\">\n\t\t\t\t\t\t\t\t\t\t<a class=\"elementor-button elementor-button-link elementor-size-sm\" href=\"https:\/\/ovindi.com\/fr\/contact\/\">\n\t\t\t\t\t\t<span class=\"elementor-button-content-wrapper\">\n\t\t\t\t\t\t<span class=\"elementor-button-icon\">\n\t\t\t\t\t\t\t<\/span>\n\t\t\t\t\t\t\t\t\t<span class=\"elementor-button-text\">Contact Us<\/span>\n\t\t\t\t\t<\/span>\n\t\t\t\t\t<\/a>\n\t\t\t\t\t\t\t\t<\/div>\n\t\t\t\t<\/div>\n\t\t\t\t<\/div>\n\t\t\t\t<\/div>\n\t\t\t\t\t<\/div>\n\t\t\t\t<\/div>\n\t\t\t\t<\/div>","protected":false},"excerpt":{"rendered":"<p>About OVINDI International Group Our Model OVINDI (One Vision by Issa Ndiaye with Dedication and Integrity) International Group is a global social enterprise focused on serving individuals, sovereign countries\u2019 governments, corporations, etc. with services including consulting, coaching, advocacy, and more to promote a Just Society for All. Our model stems from life-lived cultural, religious, educational, [&hellip;]<\/p>\n","protected":false},"author":1,"featured_media":0,"parent":0,"menu_order":0,"comment_status":"closed","ping_status":"closed","template":"","meta":{"footnotes":""},"class_list":["post-797","page","type-page","status-publish","hentry"],"blocksy_meta":{"has_hero_section":"disabled","vertical_spacing_source":"custom","content_area_spacing":"none","styles_descriptor":{"styles":{"desktop":"","tablet":"","mobile":""},"google_fonts":[],"version":6}},"yoast_head":"<!-- This site is optimized with the Yoast SEO plugin v27.2 - https:\/\/yoast.com\/product\/yoast-seo-wordpress\/ -->\n<title>About - Building a Just Society 4 All<\/title>\n<meta name=\"description\" content=\"Ovindi International Group by Issa Ndiaye is a global social enterprise focused on serving individuals, sovereign countrie&#039;s governments, corporations, etc. with services including consulting, coaching, advocacy, and more to promote a Just Society for All.\" \/>\n<meta name=\"robots\" content=\"index, follow, max-snippet:-1, max-image-preview:large, max-video-preview:-1\" \/>\n<link rel=\"canonical\" href=\"https:\/\/ovindi.com\/fr\/about-international-group\/\" \/>\n<meta property=\"og:locale\" content=\"fr_FR\" \/>\n<meta property=\"og:type\" content=\"article\" \/>\n<meta property=\"og:title\" content=\"About - Building a Just Society 4 All\" \/>\n<meta property=\"og:description\" content=\"Ovindi International Group by Issa Ndiaye is a global social enterprise focused on serving individuals, sovereign countrie&#039;s governments, corporations, etc. with services including consulting, coaching, advocacy, and more to promote a Just Society for All.\" \/>\n<meta property=\"og:url\" content=\"https:\/\/ovindi.com\/fr\/about-international-group\/\" \/>\n<meta property=\"og:site_name\" content=\"Ovindi International Group\" \/>\n<meta property=\"article:publisher\" content=\"https:\/\/www.facebook.com\/people\/Ovindi-International-Group\/61573385935212\/\" \/>\n<meta property=\"article:modified_time\" content=\"2025-09-28T22:40:46+00:00\" \/>\n<meta name=\"twitter:card\" content=\"summary_large_image\" \/>\n<meta name=\"twitter:label1\" content=\"Dur\u00e9e de lecture estim\u00e9e\" \/>\n\t<meta name=\"twitter:data1\" content=\"2 minutes\" \/>\n<script type=\"application\/ld+json\" class=\"yoast-schema-graph\">{\"@context\":\"https:\/\/schema.org\",\"@graph\":[{\"@type\":\"WebPage\",\"@id\":\"https:\/\/ovindi.com\/about-international-group\/\",\"url\":\"https:\/\/ovindi.com\/about-international-group\/\",\"name\":\"About - Building a Just Society 4 All\",\"isPartOf\":{\"@id\":\"https:\/\/ovindi.com\/#website\"},\"primaryImageOfPage\":{\"@id\":\"https:\/\/ovindi.com\/about-international-group\/#primaryimage\"},\"image\":{\"@id\":\"https:\/\/ovindi.com\/about-international-group\/#primaryimage\"},\"thumbnailUrl\":\"https:\/\/ovindi.com\/wp-content\/uploads\/2025\/03\/decoration-1.svg\",\"datePublished\":\"2025-03-20T09:10:04+00:00\",\"dateModified\":\"2025-09-28T22:40:46+00:00\",\"description\":\"Ovindi International Group by Issa Ndiaye is a global social enterprise focused on serving individuals, sovereign countrie's governments, corporations, etc. with services including consulting, coaching, advocacy, and more to promote a Just Society for All.\",\"breadcrumb\":{\"@id\":\"https:\/\/ovindi.com\/about-international-group\/#breadcrumb\"},\"inLanguage\":\"fr-FR\",\"potentialAction\":[{\"@type\":\"ReadAction\",\"target\":[\"https:\/\/ovindi.com\/about-international-group\/\"]}]},{\"@type\":\"ImageObject\",\"inLanguage\":\"fr-FR\",\"@id\":\"https:\/\/ovindi.com\/about-international-group\/#primaryimage\",\"url\":\"https:\/\/ovindi.com\/wp-content\/uploads\/2025\/03\/decoration-1.svg\",\"contentUrl\":\"https:\/\/ovindi.com\/wp-content\/uploads\/2025\/03\/decoration-1.svg\"},{\"@type\":\"BreadcrumbList\",\"@id\":\"https:\/\/ovindi.com\/about-international-group\/#breadcrumb\",\"itemListElement\":[{\"@type\":\"ListItem\",\"position\":1,\"name\":\"Home\",\"item\":\"https:\/\/ovindi.com\/\"},{\"@type\":\"ListItem\",\"position\":2,\"name\":\"About\"}]},{\"@type\":\"WebSite\",\"@id\":\"https:\/\/ovindi.com\/#website\",\"url\":\"https:\/\/ovindi.com\/\",\"name\":\"Ovindi\",\"description\":\"Building a Just Society 4 All\",\"publisher\":{\"@id\":\"https:\/\/ovindi.com\/#organization\"},\"potentialAction\":[{\"@type\":\"SearchAction\",\"target\":{\"@type\":\"EntryPoint\",\"urlTemplate\":\"https:\/\/ovindi.com\/?s={search_term_string}\"},\"query-input\":{\"@type\":\"PropertyValueSpecification\",\"valueRequired\":true,\"valueName\":\"search_term_string\"}}],\"inLanguage\":\"fr-FR\"},{\"@type\":\"Organization\",\"@id\":\"https:\/\/ovindi.com\/#organization\",\"name\":\"Ovindi\",\"url\":\"https:\/\/ovindi.com\/\",\"logo\":{\"@type\":\"ImageObject\",\"inLanguage\":\"fr-FR\",\"@id\":\"https:\/\/ovindi.com\/#\/schema\/logo\/image\/\",\"url\":\"https:\/\/ovindi.com\/wp-content\/uploads\/2025\/09\/1-3.png\",\"contentUrl\":\"https:\/\/ovindi.com\/wp-content\/uploads\/2025\/09\/1-3.png\",\"width\":435,\"height\":192,\"caption\":\"Ovindi\"},\"image\":{\"@id\":\"https:\/\/ovindi.com\/#\/schema\/logo\/image\/\"},\"sameAs\":[\"https:\/\/www.facebook.com\/people\/Ovindi-International-Group\/61573385935212\/\",\"https:\/\/www.instagram.com\/ovindi_international_group\/\"]}]}<\/script>\n<!-- \/ Yoast SEO plugin. -->","yoast_head_json":{"title":"About - Building a Just Society 4 All","description":"Ovindi International Group by Issa Ndiaye is a global social enterprise focused on serving individuals, sovereign countrie's governments, corporations, etc. with services including consulting, coaching, advocacy, and more to promote a Just Society for All.","robots":{"index":"index","follow":"follow","max-snippet":"max-snippet:-1","max-image-preview":"max-image-preview:large","max-video-preview":"max-video-preview:-1"},"canonical":"https:\/\/ovindi.com\/fr\/about-international-group\/","og_locale":"fr_FR","og_type":"article","og_title":"About - Building a Just Society 4 All","og_description":"Ovindi International Group by Issa Ndiaye is a global social enterprise focused on serving individuals, sovereign countrie's governments, corporations, etc. with services including consulting, coaching, advocacy, and more to promote a Just Society for All.","og_url":"https:\/\/ovindi.com\/fr\/about-international-group\/","og_site_name":"Ovindi International Group","article_publisher":"https:\/\/www.facebook.com\/people\/Ovindi-International-Group\/61573385935212\/","article_modified_time":"2025-09-28T22:40:46+00:00","twitter_card":"summary_large_image","twitter_misc":{"Dur\u00e9e de lecture estim\u00e9e":"2 minutes"},"schema":{"@context":"https:\/\/schema.org","@graph":[{"@type":"WebPage","@id":"https:\/\/ovindi.com\/about-international-group\/","url":"https:\/\/ovindi.com\/about-international-group\/","name":"About - Building a Just Society 4 All","isPartOf":{"@id":"https:\/\/ovindi.com\/#website"},"primaryImageOfPage":{"@id":"https:\/\/ovindi.com\/about-international-group\/#primaryimage"},"image":{"@id":"https:\/\/ovindi.com\/about-international-group\/#primaryimage"},"thumbnailUrl":"https:\/\/ovindi.com\/wp-content\/uploads\/2025\/03\/decoration-1.svg","datePublished":"2025-03-20T09:10:04+00:00","dateModified":"2025-09-28T22:40:46+00:00","description":"Ovindi International Group by Issa Ndiaye is a global social enterprise focused on serving individuals, sovereign countrie's governments, corporations, etc. with services including consulting, coaching, advocacy, and more to promote a Just Society for All.","breadcrumb":{"@id":"https:\/\/ovindi.com\/about-international-group\/#breadcrumb"},"inLanguage":"fr-FR","potentialAction":[{"@type":"ReadAction","target":["https:\/\/ovindi.com\/about-international-group\/"]}]},{"@type":"ImageObject","inLanguage":"fr-FR","@id":"https:\/\/ovindi.com\/about-international-group\/#primaryimage","url":"https:\/\/ovindi.com\/wp-content\/uploads\/2025\/03\/decoration-1.svg","contentUrl":"https:\/\/ovindi.com\/wp-content\/uploads\/2025\/03\/decoration-1.svg"},{"@type":"BreadcrumbList","@id":"https:\/\/ovindi.com\/about-international-group\/#breadcrumb","itemListElement":[{"@type":"ListItem","position":1,"name":"Home","item":"https:\/\/ovindi.com\/"},{"@type":"ListItem","position":2,"name":"About"}]},{"@type":"WebSite","@id":"https:\/\/ovindi.com\/#website","url":"https:\/\/ovindi.com\/","name":"Ovindi","description":"Building a Just Society 4 All","publisher":{"@id":"https:\/\/ovindi.com\/#organization"},"potentialAction":[{"@type":"SearchAction","target":{"@type":"EntryPoint","urlTemplate":"https:\/\/ovindi.com\/?s={search_term_string}"},"query-input":{"@type":"PropertyValueSpecification","valueRequired":true,"valueName":"search_term_string"}}],"inLanguage":"fr-FR"},{"@type":"Organization","@id":"https:\/\/ovindi.com\/#organization","name":"Ovindi","url":"https:\/\/ovindi.com\/","logo":{"@type":"ImageObject","inLanguage":"fr-FR","@id":"https:\/\/ovindi.com\/#\/schema\/logo\/image\/","url":"https:\/\/ovindi.com\/wp-content\/uploads\/2025\/09\/1-3.png","contentUrl":"https:\/\/ovindi.com\/wp-content\/uploads\/2025\/09\/1-3.png","width":435,"height":192,"caption":"Ovindi"},"image":{"@id":"https:\/\/ovindi.com\/#\/schema\/logo\/image\/"},"sameAs":["https:\/\/www.facebook.com\/people\/Ovindi-International-Group\/61573385935212\/","https:\/\/www.instagram.com\/ovindi_international_group\/"]}]}},"_links":{"self":[{"href":"https:\/\/ovindi.com\/fr\/wp-json\/wp\/v2\/pages\/797","targetHints":{"allow":["GET"]}}],"collection":[{"href":"https:\/\/ovindi.com\/fr\/wp-json\/wp\/v2\/pages"}],"about":[{"href":"https:\/\/ovindi.com\/fr\/wp-json\/wp\/v2\/types\/page"}],"author":[{"embeddable":true,"href":"https:\/\/ovindi.com\/fr\/wp-json\/wp\/v2\/users\/1"}],"replies":[{"embeddable":true,"href":"https:\/\/ovindi.com\/fr\/wp-json\/wp\/v2\/comments?post=797"}],"version-history":[{"count":99,"href":"https:\/\/ovindi.com\/fr\/wp-json\/wp\/v2\/pages\/797\/revisions"}],"predecessor-version":[{"id":1797,"href":"https:\/\/ovindi.com\/fr\/wp-json\/wp\/v2\/pages\/797\/revisions\/1797"}],"wp:attachment":[{"href":"https:\/\/ovindi.com\/fr\/wp-json\/wp\/v2\/media?parent=797"}],"curies":[{"name":"wp","href":"https:\/\/api.w.org\/{rel}","templated":true}]}}