{"id":1241,"date":"2025-09-05T17:43:05","date_gmt":"2025-09-05T17:43:05","guid":{"rendered":"https:\/\/ovindi.com\/?page_id=1241"},"modified":"2025-09-28T22:38:43","modified_gmt":"2025-09-28T22:38:43","slug":"the-principal-issa-ndiaye","status":"publish","type":"page","link":"https:\/\/ovindi.com\/fr\/the-principal-issa-ndiaye\/","title":{"rendered":"Le fondateur"},"content":{"rendered":"<div data-elementor-type=\"wp-page\" data-elementor-id=\"1241\" class=\"elementor elementor-1241\">\n\t\t\t\t<div class=\"elementor-element elementor-element-0acc2ec e-flex e-con-boxed e-con e-parent\" data-id=\"0acc2ec\" data-element_type=\"container\" data-e-type=\"container\" data-settings=\"{&quot;background_background&quot;:&quot;classic&quot;}\">\n\t\t\t\t\t<div class=\"e-con-inner\">\n\t\t<div class=\"elementor-element elementor-element-76e86f8 e-con-full e-flex e-con e-child\" data-id=\"76e86f8\" data-element_type=\"container\" data-e-type=\"container\">\n\t\t\t\t<div class=\"elementor-element elementor-element-d80ee81 elementor-widget elementor-widget-heading\" data-id=\"d80ee81\" data-element_type=\"widget\" data-e-type=\"widget\" data-widget_type=\"heading.default\">\n\t\t\t\t\t<h1 class=\"elementor-heading-title elementor-size-default\">Message from the Principal and Chief Visionary\u00a0Officer<\/h1>\t\t\t\t<\/div>\n\t\t\t\t<\/div>\n\t\t\t\t<div class=\"elementor-element elementor-element-7f32178 elementor-absolute elementor-widget elementor-widget-image\" data-id=\"7f32178\" data-element_type=\"widget\" data-e-type=\"widget\" data-settings=\"{&quot;_position&quot;:&quot;absolute&quot;}\" data-widget_type=\"image.default\">\n\t\t\t\t\t\t\t\t\t\t\t\t\t\t\t<img decoding=\"async\" width=\"105\" height=\"221\" src=\"https:\/\/ovindi.com\/wp-content\/uploads\/2025\/03\/decoration-1.svg\" class=\"attachment-full size-full wp-image-671\" alt=\"\" \/>\t\t\t\t\t\t\t\t\t\t\t\t\t\t\t<\/div>\n\t\t\t\t<div class=\"elementor-element elementor-element-781bf94 elementor-absolute elementor-widget elementor-widget-image\" data-id=\"781bf94\" data-element_type=\"widget\" data-e-type=\"widget\" data-settings=\"{&quot;_position&quot;:&quot;absolute&quot;}\" data-widget_type=\"image.default\">\n\t\t\t\t\t\t\t\t\t\t\t\t\t\t\t<img decoding=\"async\" width=\"105\" height=\"221\" src=\"https:\/\/ovindi.com\/wp-content\/uploads\/2025\/03\/decoration-2.svg\" class=\"attachment-full size-full wp-image-682\" alt=\"\" \/>\t\t\t\t\t\t\t\t\t\t\t\t\t\t\t<\/div>\n\t\t\t\t\t<\/div>\n\t\t\t\t<\/div>\n\t\t<div class=\"elementor-element elementor-element-33ab594 e-flex e-con-boxed e-con e-parent\" data-id=\"33ab594\" data-element_type=\"container\" data-e-type=\"container\">\n\t\t\t\t\t<div class=\"e-con-inner\">\n\t\t<div class=\"elementor-element elementor-element-8e3b3ab e-con-full e-flex e-con e-child\" data-id=\"8e3b3ab\" data-element_type=\"container\" data-e-type=\"container\">\n\t\t<div class=\"elementor-element elementor-element-c31fd4c e-con-full e-flex e-con e-child\" data-id=\"c31fd4c\" data-element_type=\"container\" data-e-type=\"container\" data-settings=\"{&quot;background_background&quot;:&quot;classic&quot;}\">\n\t\t<div class=\"elementor-element elementor-element-6df2f9b e-con-full e-flex e-con e-child\" data-id=\"6df2f9b\" data-element_type=\"container\" data-e-type=\"container\">\n\t\t\t\t<div class=\"elementor-element elementor-element-c9a5b6c elementor-widget elementor-widget-text-editor\" data-id=\"c9a5b6c\" data-element_type=\"widget\" data-e-type=\"widget\" data-widget_type=\"text-editor.default\">\n\t\t\t\t\t\t\t\t\t<p data-start=\"420\" data-end=\"470\">Une vision. Un impact r\u00e9el.<\/p>\t\t\t\t\t\t\t\t<\/div>\n\t\t\t\t<\/div>\n\t\t<div class=\"elementor-element elementor-element-fdfb00b e-con-full ct-home-button-backdrop e-flex e-con e-child\" data-id=\"fdfb00b\" data-element_type=\"container\" data-e-type=\"container\" data-settings=\"{&quot;background_background&quot;:&quot;classic&quot;}\">\n\t\t\t\t<div class=\"elementor-element elementor-element-37fcc60 elementor-view-stacked elementor-shape-circle elementor-widget elementor-widget-icon\" data-id=\"37fcc60\" data-element_type=\"widget\" data-e-type=\"widget\" data-widget_type=\"icon.default\">\n\t\t\t\t\t\t\t<div class=\"elementor-icon-wrapper\">\n\t\t\t<div class=\"elementor-icon\">\n\t\t\t\t\t\t<\/div>\n\t\t<\/div>\n\t\t\t\t\t\t<\/div>\n\t\t<div class=\"elementor-element elementor-element-eef4a24 e-con-full e-flex e-con e-child\" data-id=\"eef4a24\" data-element_type=\"container\" data-e-type=\"container\">\n\t\t\t\t<div class=\"elementor-element elementor-element-6ad38b6 elementor-widget elementor-widget-text-editor\" data-id=\"6ad38b6\" data-element_type=\"widget\" data-e-type=\"widget\" data-widget_type=\"text-editor.default\">\n\t\t\t\t\t\t\t\t\t<p>Issa Ndiaye<\/p>\t\t\t\t\t\t\t\t<\/div>\n\t\t\t\t<div class=\"elementor-element elementor-element-7946d1f elementor-widget elementor-widget-text-editor\" data-id=\"7946d1f\" data-element_type=\"widget\" data-e-type=\"widget\" data-widget_type=\"text-editor.default\">\n\t\t\t\t\t\t\t\t\t<p>Directeur OVINDI<\/p>\t\t\t\t\t\t\t\t<\/div>\n\t\t\t\t<\/div>\n\t\t\t\t<\/div>\n\t\t\t\t<\/div>\n\t\t\t\t<\/div>\n\t\t<div class=\"elementor-element elementor-element-1394075 e-con-full e-flex e-con e-child\" data-id=\"1394075\" data-element_type=\"container\" data-e-type=\"container\">\n\t\t\t\t<div class=\"elementor-element elementor-element-aa55fe2 elementor-widget elementor-widget-heading\" data-id=\"aa55fe2\" data-element_type=\"widget\" data-e-type=\"widget\" data-widget_type=\"heading.default\">\n\t\t\t\t\t<h2 class=\"elementor-heading-title elementor-size-default translation-block\">Issa Ndiaye, directeur de <span style=\"font-family:ct_font_algerian, Sans-Serif\" class=\"logo-text\">OVINDI<\/span> International Group<\/h2>\t\t\t\t<\/div>\n\t\t\t\t<div class=\"elementor-element elementor-element-a2e74cb elementor-widget elementor-widget-text-editor\" data-id=\"a2e74cb\" data-element_type=\"widget\" data-e-type=\"widget\" data-widget_type=\"text-editor.default\">\n\t\t\t\t\t\t\t\t\t<p>La carri\u00e8re professionnelle et la vie personnelle d'Issa ont \u00e9t\u00e9 ax\u00e9es sur le leadership, la d\u00e9fense des droits et le service public. En tant que fonctionnaire d\u00e9vou\u00e9, d\u00e9fenseur, leader et locuteur courant du fran\u00e7ais, du wolof et de l'anglais, il a personnellement aid\u00e9 des centaines de personnes et d'organisations \u00e0 s'\u00e9manciper gr\u00e2ce \u00e0 ses services de conseil et de coaching. Issa est un professionnel de renomm\u00e9e internationale qui a acquis une formation et une exp\u00e9rience consid\u00e9rables et qui s'est hiss\u00e9 au sommet de ses domaines d'activit\u00e9.<\/p><p>En tant qu'immigrant ayant grandi au S\u00e9n\u00e9gal, en Afrique de l'Ouest, puis ayant \u00e9migr\u00e9 aux \u00c9tats-Unis, Issa estime que le succ\u00e8s ne se mesure pas uniquement sur le plan financier, mais aussi en aidant sans rel\u00e2che les autres (membres de la famille, amis, voisins et membres de la communaut\u00e9) afin qu'eux aussi puissent b\u00e9n\u00e9ficier d'une dynamique similaire sur le plan \u00e9ducatif et\/ou professionnel. Issa a d'abord obtenu son dipl\u00f4me d'associ\u00e9 au North Seattle Community College. Il a ensuite obtenu une licence en \u00e9conomie \u00e0 l'universit\u00e9 de Puget Sound. Plus tard, il a obtenu une ma\u00eetrise en administration publique \u00e0 l'universit\u00e9 de Washington. Au cours des nombreuses ann\u00e9es qu'il a pass\u00e9es dans l'\u00c9tat de Washington, Issa s'est construit un foyer et un r\u00e9seau de soutien, et se consacre au service des gouvernements, des entreprises et des particuliers du monde entier.<\/p>\t\t\t\t\t\t\t\t<\/div>\n\t\t\t\t<\/div>\n\t\t\t\t\t<\/div>\n\t\t\t\t<\/div>\n\t\t\t\t<\/div>","protected":false},"excerpt":{"rendered":"<p>Message from the Principal and Chief Visionary\u00a0Officer One vision. Real impact. Issa Ndiaye Principal &amp; CVO Issa Ndiaye, Principal and Chief Visionary Officer | OVINDI International Group Issa\u2019s professional career and personal life have been focused on leadership, advocacy, and public service. As a dedicated public servant, advocate, leader, and fluent speaker of French, Wolof, [&hellip;]<\/p>\n","protected":false},"author":1,"featured_media":0,"parent":0,"menu_order":0,"comment_status":"closed","ping_status":"closed","template":"","meta":{"footnotes":""},"class_list":["post-1241","page","type-page","status-publish","hentry"],"blocksy_meta":{"has_hero_section":"disabled","vertical_spacing_source":"custom","content_area_spacing":"none","styles_descriptor":{"styles":{"desktop":"","tablet":"","mobile":""},"google_fonts":[],"version":6}},"yoast_head":"<!-- This site is optimized with the Yoast SEO plugin v27.2 - https:\/\/yoast.com\/product\/yoast-seo-wordpress\/ -->\n<title>The Principal - Building a Just Society 4 All<\/title>\n<meta name=\"description\" content=\"Issa Ndiaye (Principal and Chief Visionary Officer | Ovindi International Group ) professional career and personal life have been focused on leadership, advocacy, and public service.\" \/>\n<meta name=\"robots\" content=\"index, follow, max-snippet:-1, max-image-preview:large, max-video-preview:-1\" \/>\n<link rel=\"canonical\" href=\"https:\/\/ovindi.com\/fr\/the-principal-issa-ndiaye\/\" \/>\n<meta property=\"og:locale\" content=\"fr_FR\" \/>\n<meta property=\"og:type\" content=\"article\" \/>\n<meta property=\"og:title\" content=\"The Principal - Building a Just Society 4 All\" \/>\n<meta property=\"og:description\" content=\"Issa Ndiaye (Principal and Chief Visionary Officer | Ovindi International Group ) professional career and personal life have been focused on leadership, advocacy, and public service.\" \/>\n<meta property=\"og:url\" content=\"https:\/\/ovindi.com\/fr\/the-principal-issa-ndiaye\/\" \/>\n<meta property=\"og:site_name\" content=\"Ovindi International Group\" \/>\n<meta property=\"article:publisher\" content=\"https:\/\/www.facebook.com\/people\/Ovindi-International-Group\/61573385935212\/\" \/>\n<meta property=\"article:modified_time\" content=\"2025-09-28T22:38:43+00:00\" \/>\n<meta name=\"twitter:card\" content=\"summary_large_image\" \/>\n<meta name=\"twitter:label1\" content=\"Dur\u00e9e de lecture estim\u00e9e\" \/>\n\t<meta name=\"twitter:data1\" content=\"1 minute\" \/>\n<script type=\"application\/ld+json\" class=\"yoast-schema-graph\">{\"@context\":\"https:\/\/schema.org\",\"@graph\":[{\"@type\":\"WebPage\",\"@id\":\"https:\/\/ovindi.com\/the-principal-issa-ndiaye\/\",\"url\":\"https:\/\/ovindi.com\/the-principal-issa-ndiaye\/\",\"name\":\"The Principal - Building a Just Society 4 All\",\"isPartOf\":{\"@id\":\"https:\/\/ovindi.com\/#website\"},\"primaryImageOfPage\":{\"@id\":\"https:\/\/ovindi.com\/the-principal-issa-ndiaye\/#primaryimage\"},\"image\":{\"@id\":\"https:\/\/ovindi.com\/the-principal-issa-ndiaye\/#primaryimage\"},\"thumbnailUrl\":\"https:\/\/ovindi.com\/wp-content\/uploads\/2025\/03\/decoration-1.svg\",\"datePublished\":\"2025-09-05T17:43:05+00:00\",\"dateModified\":\"2025-09-28T22:38:43+00:00\",\"description\":\"Issa Ndiaye (Principal and Chief Visionary Officer | Ovindi International Group ) professional career and personal life have been focused on leadership, advocacy, and public service.\",\"breadcrumb\":{\"@id\":\"https:\/\/ovindi.com\/the-principal-issa-ndiaye\/#breadcrumb\"},\"inLanguage\":\"fr-FR\",\"potentialAction\":[{\"@type\":\"ReadAction\",\"target\":[\"https:\/\/ovindi.com\/the-principal-issa-ndiaye\/\"]}]},{\"@type\":\"ImageObject\",\"inLanguage\":\"fr-FR\",\"@id\":\"https:\/\/ovindi.com\/the-principal-issa-ndiaye\/#primaryimage\",\"url\":\"https:\/\/ovindi.com\/wp-content\/uploads\/2025\/03\/decoration-1.svg\",\"contentUrl\":\"https:\/\/ovindi.com\/wp-content\/uploads\/2025\/03\/decoration-1.svg\"},{\"@type\":\"BreadcrumbList\",\"@id\":\"https:\/\/ovindi.com\/the-principal-issa-ndiaye\/#breadcrumb\",\"itemListElement\":[{\"@type\":\"ListItem\",\"position\":1,\"name\":\"Home\",\"item\":\"https:\/\/ovindi.com\/\"},{\"@type\":\"ListItem\",\"position\":2,\"name\":\"The Principal\"}]},{\"@type\":\"WebSite\",\"@id\":\"https:\/\/ovindi.com\/#website\",\"url\":\"https:\/\/ovindi.com\/\",\"name\":\"Ovindi\",\"description\":\"Building a Just Society 4 All\",\"publisher\":{\"@id\":\"https:\/\/ovindi.com\/#organization\"},\"potentialAction\":[{\"@type\":\"SearchAction\",\"target\":{\"@type\":\"EntryPoint\",\"urlTemplate\":\"https:\/\/ovindi.com\/?s={search_term_string}\"},\"query-input\":{\"@type\":\"PropertyValueSpecification\",\"valueRequired\":true,\"valueName\":\"search_term_string\"}}],\"inLanguage\":\"fr-FR\"},{\"@type\":\"Organization\",\"@id\":\"https:\/\/ovindi.com\/#organization\",\"name\":\"Ovindi\",\"url\":\"https:\/\/ovindi.com\/\",\"logo\":{\"@type\":\"ImageObject\",\"inLanguage\":\"fr-FR\",\"@id\":\"https:\/\/ovindi.com\/#\/schema\/logo\/image\/\",\"url\":\"https:\/\/ovindi.com\/wp-content\/uploads\/2025\/09\/1-3.png\",\"contentUrl\":\"https:\/\/ovindi.com\/wp-content\/uploads\/2025\/09\/1-3.png\",\"width\":435,\"height\":192,\"caption\":\"Ovindi\"},\"image\":{\"@id\":\"https:\/\/ovindi.com\/#\/schema\/logo\/image\/\"},\"sameAs\":[\"https:\/\/www.facebook.com\/people\/Ovindi-International-Group\/61573385935212\/\",\"https:\/\/www.instagram.com\/ovindi_international_group\/\"]}]}<\/script>\n<!-- \/ Yoast SEO plugin. -->","yoast_head_json":{"title":"The Principal - Building a Just Society 4 All","description":"Issa Ndiaye (Principal and Chief Visionary Officer | Ovindi International Group ) professional career and personal life have been focused on leadership, advocacy, and public service.","robots":{"index":"index","follow":"follow","max-snippet":"max-snippet:-1","max-image-preview":"max-image-preview:large","max-video-preview":"max-video-preview:-1"},"canonical":"https:\/\/ovindi.com\/fr\/the-principal-issa-ndiaye\/","og_locale":"fr_FR","og_type":"article","og_title":"The Principal - Building a Just Society 4 All","og_description":"Issa Ndiaye (Principal and Chief Visionary Officer | Ovindi International Group ) professional career and personal life have been focused on leadership, advocacy, and public service.","og_url":"https:\/\/ovindi.com\/fr\/the-principal-issa-ndiaye\/","og_site_name":"Ovindi International Group","article_publisher":"https:\/\/www.facebook.com\/people\/Ovindi-International-Group\/61573385935212\/","article_modified_time":"2025-09-28T22:38:43+00:00","twitter_card":"summary_large_image","twitter_misc":{"Dur\u00e9e de lecture estim\u00e9e":"1 minute"},"schema":{"@context":"https:\/\/schema.org","@graph":[{"@type":"WebPage","@id":"https:\/\/ovindi.com\/the-principal-issa-ndiaye\/","url":"https:\/\/ovindi.com\/the-principal-issa-ndiaye\/","name":"The Principal - Building a Just Society 4 All","isPartOf":{"@id":"https:\/\/ovindi.com\/#website"},"primaryImageOfPage":{"@id":"https:\/\/ovindi.com\/the-principal-issa-ndiaye\/#primaryimage"},"image":{"@id":"https:\/\/ovindi.com\/the-principal-issa-ndiaye\/#primaryimage"},"thumbnailUrl":"https:\/\/ovindi.com\/wp-content\/uploads\/2025\/03\/decoration-1.svg","datePublished":"2025-09-05T17:43:05+00:00","dateModified":"2025-09-28T22:38:43+00:00","description":"Issa Ndiaye (Principal and Chief Visionary Officer | Ovindi International Group ) professional career and personal life have been focused on leadership, advocacy, and public service.","breadcrumb":{"@id":"https:\/\/ovindi.com\/the-principal-issa-ndiaye\/#breadcrumb"},"inLanguage":"fr-FR","potentialAction":[{"@type":"ReadAction","target":["https:\/\/ovindi.com\/the-principal-issa-ndiaye\/"]}]},{"@type":"ImageObject","inLanguage":"fr-FR","@id":"https:\/\/ovindi.com\/the-principal-issa-ndiaye\/#primaryimage","url":"https:\/\/ovindi.com\/wp-content\/uploads\/2025\/03\/decoration-1.svg","contentUrl":"https:\/\/ovindi.com\/wp-content\/uploads\/2025\/03\/decoration-1.svg"},{"@type":"BreadcrumbList","@id":"https:\/\/ovindi.com\/the-principal-issa-ndiaye\/#breadcrumb","itemListElement":[{"@type":"ListItem","position":1,"name":"Home","item":"https:\/\/ovindi.com\/"},{"@type":"ListItem","position":2,"name":"The Principal"}]},{"@type":"WebSite","@id":"https:\/\/ovindi.com\/#website","url":"https:\/\/ovindi.com\/","name":"Ovindi","description":"Building a Just Society 4 All","publisher":{"@id":"https:\/\/ovindi.com\/#organization"},"potentialAction":[{"@type":"SearchAction","target":{"@type":"EntryPoint","urlTemplate":"https:\/\/ovindi.com\/?s={search_term_string}"},"query-input":{"@type":"PropertyValueSpecification","valueRequired":true,"valueName":"search_term_string"}}],"inLanguage":"fr-FR"},{"@type":"Organization","@id":"https:\/\/ovindi.com\/#organization","name":"Ovindi","url":"https:\/\/ovindi.com\/","logo":{"@type":"ImageObject","inLanguage":"fr-FR","@id":"https:\/\/ovindi.com\/#\/schema\/logo\/image\/","url":"https:\/\/ovindi.com\/wp-content\/uploads\/2025\/09\/1-3.png","contentUrl":"https:\/\/ovindi.com\/wp-content\/uploads\/2025\/09\/1-3.png","width":435,"height":192,"caption":"Ovindi"},"image":{"@id":"https:\/\/ovindi.com\/#\/schema\/logo\/image\/"},"sameAs":["https:\/\/www.facebook.com\/people\/Ovindi-International-Group\/61573385935212\/","https:\/\/www.instagram.com\/ovindi_international_group\/"]}]}},"_links":{"self":[{"href":"https:\/\/ovindi.com\/fr\/wp-json\/wp\/v2\/pages\/1241","targetHints":{"allow":["GET"]}}],"collection":[{"href":"https:\/\/ovindi.com\/fr\/wp-json\/wp\/v2\/pages"}],"about":[{"href":"https:\/\/ovindi.com\/fr\/wp-json\/wp\/v2\/types\/page"}],"author":[{"embeddable":true,"href":"https:\/\/ovindi.com\/fr\/wp-json\/wp\/v2\/users\/1"}],"replies":[{"embeddable":true,"href":"https:\/\/ovindi.com\/fr\/wp-json\/wp\/v2\/comments?post=1241"}],"version-history":[{"count":31,"href":"https:\/\/ovindi.com\/fr\/wp-json\/wp\/v2\/pages\/1241\/revisions"}],"predecessor-version":[{"id":1791,"href":"https:\/\/ovindi.com\/fr\/wp-json\/wp\/v2\/pages\/1241\/revisions\/1791"}],"wp:attachment":[{"href":"https:\/\/ovindi.com\/fr\/wp-json\/wp\/v2\/media?parent=1241"}],"curies":[{"name":"wp","href":"https:\/\/api.w.org\/{rel}","templated":true}]}}